{"id":8,"date":"2021-01-25T08:55:30","date_gmt":"2021-01-25T08:55:30","guid":{"rendered":"http:\/\/web.firmdata.at\/?page_id=8"},"modified":"2021-01-25T08:55:30","modified_gmt":"2021-01-25T08:55:30","slug":"firmen-und-gewerbeinformation","status":"publish","type":"page","link":"http:\/\/web.firmdata.at\/","title":{"rendered":"Firmen und Gewerbeinformation"},"content":{"rendered":"\n<p>Unser Unternehmen bietet Ihnen Zugang zu Firmen- und Gewerbeinformationen in Tschechien, Slowakei, Ungarn und Kroatien.&nbsp; Unser Team besteht aus Spezialisten f\u00fcr diese M\u00e4rkte und k\u00f6nnen auch umfangreich \u00fcber die wirtschaftlichen Strukturen beraten.&nbsp;<\/p>\n\n\n\n<p>Welche Rechtsformen gibt es? Wie sind die Unterschiede zum deutschsprachigen oder angloamerikanischen Raum und welche Daten w\u00e4ren f\u00fcr ihr Unternehmen geeignet.&nbsp;<\/p>\n\n\n\n<p>Wir sind spezialsiert in der Beratung und dem Vertrieb von Unternehmensdaten von und f\u00fcr Klein- und Mittelbetriebe (B2B, SME).<\/p>\n\n\n\n<p>Im Gegensatz zu frei zug\u00e4nglichen Quellen sind alle Daten unbeschr\u00e4nkt exportierbar, alle Daten sind ausschlie\u00dflich Unternehmensdaten und daher von \u00f6ffentlichen Interesse und GDPR gepr\u00fcft und alle Suchkriterien sind such-, filter- und kombinierbar.<\/p>\n","protected":false},"excerpt":{"rendered":"<p>Unser Unternehmen bietet Ihnen Zugang zu Firmen- und Gewerbeinformationen in Tschechien, Slowakei, Ungarn und Kroatien.&nbsp; Unser Team besteht aus Spezialisten f\u00fcr diese M\u00e4rkte und k\u00f6nnen auch umfangreich \u00fcber die wirtschaftlichen Strukturen beraten.&nbsp; Welche Rechtsformen gibt es? Wie sind die Unterschiede zum deutschsprachigen oder angloamerikanischen Raum und welche Daten w\u00e4ren f\u00fcr ihr Unternehmen geeignet.&nbsp; Wir sind &hellip; <\/p>\n<p class=\"link-more\"><a href=\"http:\/\/web.firmdata.at\/\" class=\"more-link\"><span class=\"screen-reader-text\">\u201eFirmen und Gewerbeinformation\u201c <\/span>weiterlesen<\/a><\/p>\n","protected":false},"author":1,"featured_media":0,"parent":0,"menu_order":0,"comment_status":"closed","ping_status":"closed","template":"","meta":{"footnotes":""},"class_list":["post-8","page","type-page","status-publish","hentry"],"_links":{"self":[{"href":"http:\/\/web.firmdata.at\/index.php?rest_route=\/wp\/v2\/pages\/8","targetHints":{"allow":["GET"]}}],"collection":[{"href":"http:\/\/web.firmdata.at\/index.php?rest_route=\/wp\/v2\/pages"}],"about":[{"href":"http:\/\/web.firmdata.at\/index.php?rest_route=\/wp\/v2\/types\/page"}],"author":[{"embeddable":true,"href":"http:\/\/web.firmdata.at\/index.php?rest_route=\/wp\/v2\/users\/1"}],"replies":[{"embeddable":true,"href":"http:\/\/web.firmdata.at\/index.php?rest_route=%2Fwp%2Fv2%2Fcomments&post=8"}],"version-history":[{"count":1,"href":"http:\/\/web.firmdata.at\/index.php?rest_route=\/wp\/v2\/pages\/8\/revisions"}],"predecessor-version":[{"id":9,"href":"http:\/\/web.firmdata.at\/index.php?rest_route=\/wp\/v2\/pages\/8\/revisions\/9"}],"wp:attachment":[{"href":"http:\/\/web.firmdata.at\/index.php?rest_route=%2Fwp%2Fv2%2Fmedia&parent=8"}],"curies":[{"name":"wp","href":"https:\/\/api.w.org\/{rel}","templated":true}]}}